{"id":1766,"date":"2024-09-08T08:16:08","date_gmt":"2024-09-08T06:16:08","guid":{"rendered":"https:\/\/www.rgzv-iserlohn.de\/?page_id=1766"},"modified":"2026-02-14T09:57:47","modified_gmt":"2026-02-14T08:57:47","slug":"kreisverbandsausstellung-2024","status":"publish","type":"page","link":"https:\/\/www.rgzv-iserlohn.de\/?page_id=1766","title":{"rendered":"Rassegefl\u00fcgelkreisschau 2024"},"content":{"rendered":"\n<p class=\"has-text-align-right\">02.11. &#8211; 03. 11. 2024<\/p>\n\n\n\n<p><strong>Erfolgreiche Rassegefl\u00fcgelkreisschau des Kreisverbandes Mark<\/strong><\/p>\n\n\n\n<p>In diesem Jahr richtete unser Verein auf dem Stiftungshof in Kalthof das erste Mal die Kreisverbandsausstellung des Kreisverbandes Mark aus. Der mittlerweile bew\u00e4hrte Ausstellungsort bot ideale Bedingungen f\u00fcr die Ausstellung und Bewertung der 380 Tiere von 45 Z\u00fcchtern aus dem gesamten M\u00e4rkischen Kreis und den angrenzenden Kreisgebieten. Besonders freuen wir uns \u00fcber die 13 Jungz\u00fcchter, die ihre 60 Tiere ausgestellt haben. Nach der Bewertung durch die Richter konnten auch wieder H\u00fchner, G\u00e4nse, Enten und Tauben in herbstlich dekorierten Volieren in ihren Gruppen erlebt werden.<\/p>\n\n\n\n<p>Vor Ort konnten nicht nur die Z\u00fcchter untereinander fachsimpeln. Auch Interessierte fanden bei den erfahrenen Z\u00fcchtern am Infostand ein offenes Ohr, um sich \u00fcber Gefl\u00fcgelhaltung zu informieren, damit der Start in dieses sch\u00f6ne Hobby gut gelingt. Dar\u00fcber hinaus konnte auf dem Hofgel\u00e4nde wieder ein sch\u00f6ner Familiennachmittag verlebt werden: Das Buffet mit selbstgemachten Kuchen lud zum Genie\u00dfen ein und die Kinder hatten bei Bastel- und R\u00e4tselaktion rund um das Thema H\u00fchner ihren Spa\u00df. Bei der Tombola war von kleinen Gewinnen bis zu gro\u00dfen \u00dcberraschungen wieder alles dabei. Ein ganz herzlicher Dank geb\u00fchrt der Ausstellungsleitung und allen helfenden H\u00e4nden, die in den letzten Wochen und an den Ausstellungstagen mit ihrem Einsatz dazu beigetragen haben, dass unsere Rassegefl\u00fcgelkreisschau zu diesem sch\u00f6nen Erlebnis f\u00fcr alle geworden ist.<\/p>\n\n\n\n<p>Im Mittelpunkt der beiden Tage der Rassegefl\u00fcgelkreisschau stand aber nicht zuletzt unser Gefl\u00fcgel. Unser Kreisvorsitzender Rainer Straet begr\u00fc\u00dfte alle Anwesenden, darunter den stellvertretenden B\u00fcrgermeister Michael Scheffler und die Bundestagsabgeordnete Bettina Lugk. Des Weiteren nahm Rainer Straet die Ausstellung zum Anlass, langj\u00e4hrige Mitglieder des Kreisverbands Mark, wie Albert Oelmann, Peter Jehl, Horst Heumann, J\u00fcrgen Born und Manfred Genster, zu Ehrenmitgliedern zu ernennen. \u00dcber die Ernennung zum Ehrenvorsitzenden<br>freute sich besonders Ottfried Ferber, der 22 Jahre den Vorsitz des Kreisverbandes Mark innehatte. F\u00fcr die Rassegefl\u00fcgelzucht konnten einige Preise vergeben werden. Wir gratulieren!<\/p>\n\n\n\n<p class=\"has-text-align-right\"><em>Dana Mengeringhausen <\/em><\/p>\n\n\n\nngg_shortcode_0_placeholder\n\n\n\n<p>Kreismeister:<\/p>\n\n\n\n<ul class=\"wp-block-list\">\n<li>Albert Oelmann (Gro\u00df, Wassergefl\u00fcgel,, Tauben)<\/li>\n\n\n\n<li>Lothar Senf (H\u00fchner)<\/li>\n\n\n\n<li>J\u00fcrgen Born (Zwergh\u00fchner)<\/li>\n\n\n\n<li>Max Pfefferkuch (Jugend).<\/li>\n<\/ul>\n\n\n\n<p>Landesverbandsehrenpreise:<\/p>\n\n\n\n<ul class=\"wp-block-list\">\n<li>Bj\u00f6rn Wessels-Coenen (Shamo gold weizen-farbig)<\/li>\n\n\n\n<li>LotharSenf (Deutsche Langschan braunbr\u00fcstig und Moderne Englische<br>Zwergk\u00e4mpfer orangebr\u00fcstig<\/li>\n\n\n\n<li>Daniela (Zwerg-Sulmtaler gold-weizenfarbig)<\/li>\n\n\n\n<li>Robin Sprenger (Holl\u00e4ndische Zwergh\u00fchner rotgesattelt<\/li>\n\n\n\n<li>Frank Steral (Deutsche Zwerg-Lachsh\u00fchner lachsfarbig<\/li>\n\n\n\n<li>J\u00fcrgen Straet (Australorps schwarz)<\/li>\n<\/ul>\n\n\n\n<p>Kreisverbandsehrenpreise:<\/p>\n\n\n\n<ul class=\"wp-block-list\">\n<li>Lothar Senf (Deutsche Langschan braunbr\u00fcstig und Bielefelder<br>Kennh\u00fchner kennsperber)<\/li>\n\n\n\n<li>Manfred Taborowski (Italiener rebhuhnhalsig)<\/li>\n\n\n\n<li>Frank Steral (S\u00fcddeutsche Mohrenk\u00f6pfe schwarz)<\/li>\n\n\n\n<li>J\u00fcrgen Born (Zwerg New Hampshire gold-braun)<\/li>\n\n\n\n<li>Andreas Woelm (Zwerg-Dresdner rost-rebhuhnfarbig)<\/li>\n<\/ul>\n\n\n\n<p>Ganz besonders freuen wir uns \u00fcber die Preise unserer Jugend!<br>Jugend-Landesverbandsehrenpreis:<\/p>\n\n\n\n<ul class=\"wp-block-list\">\n<li>Max Pfefferkuch (Zwerg Vorwerk)<\/li>\n\n\n\n<li>Julius Prehl (Zwerg Australops schwarz)<\/li>\n<\/ul>\n\n\n\n<p>Jugend-Kreisverbandsehrenpreis:<\/p>\n\n\n\n<ul class=\"wp-block-list\">\n<li>Thorin Behrend (Zwerg Niederrheiner gelbgesperbert)<\/li>\n\n\n\n<li>Liamee Prumbaum (Moderne Englische Zwergk\u00e4mpfer orangebr\u00fcstig)<\/li>\n\n\n\n<li>Lotta Pfefferkuch (Zwerg Barnevelder braun-schwarzdoppeltges\u00e4umt)<\/li>\n<\/ul>\n\n\n\n<div class=\"wp-block-columns is-layout-flex wp-container-core-columns-is-layout-28f84493 wp-block-columns-is-layout-flex\">\n<div class=\"wp-block-column is-layout-flow wp-block-column-is-layout-flow\">\n<figure class=\"wp-block-video\"><video height=\"850\" style=\"aspect-ratio: 478 \/ 850;\" width=\"478\" controls src=\"https:\/\/www.rgzv-iserlohn.de\/wp-content\/uploads\/2024\/11\/VID-20241102-WA0011.mp4\"><\/video><\/figure>\n<\/div>\n\n\n\n<div class=\"wp-block-column is-layout-flow wp-block-column-is-layout-flow\">\n<figure class=\"wp-block-video\"><video height=\"850\" style=\"aspect-ratio: 478 \/ 850;\" width=\"478\" controls src=\"https:\/\/www.rgzv-iserlohn.de\/wp-content\/uploads\/2024\/11\/VID-20241102-WA0013.mp4\"><\/video><\/figure>\n<\/div>\n\n\n\n<div class=\"wp-block-column is-layout-flow wp-block-column-is-layout-flow\">\n<figure class=\"wp-block-video\"><video height=\"850\" style=\"aspect-ratio: 478 \/ 850;\" width=\"478\" controls src=\"https:\/\/www.rgzv-iserlohn.de\/wp-content\/uploads\/2024\/11\/VID-20241102-WA0012.mp4\"><\/video><\/figure>\n<\/div>\n\n\n\n<div class=\"wp-block-column is-layout-flow wp-block-column-is-layout-flow\">\n<figure class=\"wp-block-video\"><video height=\"850\" style=\"aspect-ratio: 478 \/ 850;\" width=\"478\" controls poster=\"https:\/\/www.rgzv-iserlohn.de\/wp-content\/uploads\/2024\/11\/IMG-20241101-WA0004.jpg\" src=\"https:\/\/www.rgzv-iserlohn.de\/wp-content\/uploads\/2024\/11\/VID-20241102-WA0014.mp4\"><\/video><\/figure>\n<\/div>\n<\/div>\n\n\n\n<hr class=\"wp-block-separator has-alpha-channel-opacity\" style=\"margin-top:var(--wp--preset--spacing--60);margin-bottom:var(--wp--preset--spacing--60)\"\/>\n\n\n\n<p>Der Katalog<\/p>\n\n\n\nngg_shortcode_1_placeholder\n\n\n\n<p><\/p>\n","protected":false},"excerpt":{"rendered":"<p>02.11. &#8211; 03. 11. 2024 Erfolgreiche Rassegefl\u00fcgelkreisschau des Kreisverbandes Mark In diesem Jahr richtete unser Verein auf dem Stiftungshof in [&hellip;]<\/p>\n","protected":false},"author":2,"featured_media":0,"parent":0,"menu_order":0,"comment_status":"closed","ping_status":"closed","template":"","meta":{"site-sidebar-layout":"default","site-content-layout":"","ast-site-content-layout":"","site-content-style":"default","site-sidebar-style":"default","ast-global-header-display":"","ast-banner-title-visibility":"","ast-main-header-display":"","ast-hfb-above-header-display":"","ast-hfb-below-header-display":"","ast-hfb-mobile-header-display":"","site-post-title":"","ast-breadcrumbs-content":"","ast-featured-img":"","footer-sml-layout":"","theme-transparent-header-meta":"","adv-header-id-meta":"","stick-header-meta":"","header-above-stick-meta":"","header-main-stick-meta":"","header-below-stick-meta":"","astra-migrate-meta-layouts":"default","ast-page-background-enabled":"default","ast-page-background-meta":{"desktop":{"background-color":"var(--ast-global-color-4)","background-image":"","background-repeat":"repeat","background-position":"center center","background-size":"auto","background-attachment":"scroll","background-type":"","background-media":"","overlay-type":"","overlay-color":"","overlay-opacity":"","overlay-gradient":""},"tablet":{"background-color":"","background-image":"","background-repeat":"repeat","background-position":"center center","background-size":"auto","background-attachment":"scroll","background-type":"","background-media":"","overlay-type":"","overlay-color":"","overlay-opacity":"","overlay-gradient":""},"mobile":{"background-color":"","background-image":"","background-repeat":"repeat","background-position":"center center","background-size":"auto","background-attachment":"scroll","background-type":"","background-media":"","overlay-type":"","overlay-color":"","overlay-opacity":"","overlay-gradient":""}},"ast-content-background-meta":{"desktop":{"background-color":"var(--ast-global-color-5)","background-image":"","background-repeat":"repeat","background-position":"center center","background-size":"auto","background-attachment":"scroll","background-type":"","background-media":"","overlay-type":"","overlay-color":"","overlay-opacity":"","overlay-gradient":""},"tablet":{"background-color":"var(--ast-global-color-5)","background-image":"","background-repeat":"repeat","background-position":"center center","background-size":"auto","background-attachment":"scroll","background-type":"","background-media":"","overlay-type":"","overlay-color":"","overlay-opacity":"","overlay-gradient":""},"mobile":{"background-color":"var(--ast-global-color-5)","background-image":"","background-repeat":"repeat","background-position":"center center","background-size":"auto","background-attachment":"scroll","background-type":"","background-media":"","overlay-type":"","overlay-color":"","overlay-opacity":"","overlay-gradient":""}},"ngg_post_thumbnail":0,"footnotes":""},"class_list":["post-1766","page","type-page","status-publish","hentry"],"_links":{"self":[{"href":"https:\/\/www.rgzv-iserlohn.de\/index.php?rest_route=\/wp\/v2\/pages\/1766","targetHints":{"allow":["GET"]}}],"collection":[{"href":"https:\/\/www.rgzv-iserlohn.de\/index.php?rest_route=\/wp\/v2\/pages"}],"about":[{"href":"https:\/\/www.rgzv-iserlohn.de\/index.php?rest_route=\/wp\/v2\/types\/page"}],"author":[{"embeddable":true,"href":"https:\/\/www.rgzv-iserlohn.de\/index.php?rest_route=\/wp\/v2\/users\/2"}],"replies":[{"embeddable":true,"href":"https:\/\/www.rgzv-iserlohn.de\/index.php?rest_route=%2Fwp%2Fv2%2Fcomments&post=1766"}],"version-history":[{"count":27,"href":"https:\/\/www.rgzv-iserlohn.de\/index.php?rest_route=\/wp\/v2\/pages\/1766\/revisions"}],"predecessor-version":[{"id":2470,"href":"https:\/\/www.rgzv-iserlohn.de\/index.php?rest_route=\/wp\/v2\/pages\/1766\/revisions\/2470"}],"wp:attachment":[{"href":"https:\/\/www.rgzv-iserlohn.de\/index.php?rest_route=%2Fwp%2Fv2%2Fmedia&parent=1766"}],"curies":[{"name":"wp","href":"https:\/\/api.w.org\/{rel}","templated":true}]}}