{"id":2284,"date":"2025-09-22T08:25:00","date_gmt":"2025-09-22T06:25:00","guid":{"rendered":"https:\/\/www.rgzv-iserlohn.de\/?page_id=2284"},"modified":"2025-09-22T08:25:00","modified_gmt":"2025-09-22T06:25:00","slug":"jungtierbesprechung-am-20-09-bei-volker-heinigs","status":"publish","type":"page","link":"https:\/\/www.rgzv-iserlohn.de\/?page_id=2284","title":{"rendered":"Jungtierbesprechung am 20.09. bei Volker Heinigs"},"content":{"rendered":"\n<p class=\"has-text-align-right\"><em>September 2025<\/em><\/p>\n\n\n\n<p>Wie jedes Jahr fand die Jungtierbesprechung auf dem Hof von Volker Heinigs statt \u2013 diesmal sogar an seinem Geburtstag. Insgesamt wurden Jungtiere aus 11 Rassen von 10 Z\u00fcchtern vorgestellt, darunter vier jugendliche Aussteller. Neben der fachlichen Begutachtung durch Preisrichter Anton L\u00fcdkenhellweg gab es viele nette Gespr\u00e4che, wertvolle Tipps und Ratschl\u00e4ge. Eine rundum gelungene Veranstaltung, die wieder gezeigt hat, wie lebendig und engagiert unsere Z\u00fcchtergemeinschaft ist.<\/p>\n\n\n\nngg_shortcode_0_placeholder\n\n\n\n<p class=\"has-text-align-right\"><em>Ruth Behrend<\/em><\/p>\n","protected":false},"excerpt":{"rendered":"<p>September 2025 Wie jedes Jahr fand die Jungtierbesprechung auf dem Hof von Volker Heinigs statt \u2013 diesmal sogar an seinem [&hellip;]<\/p>\n","protected":false},"author":2,"featured_media":0,"parent":0,"menu_order":0,"comment_status":"closed","ping_status":"closed","template":"","meta":{"site-sidebar-layout":"default","site-content-layout":"","ast-site-content-layout":"","site-content-style":"default","site-sidebar-style":"default","ast-global-header-display":"","ast-banner-title-visibility":"","ast-main-header-display":"","ast-hfb-above-header-display":"","ast-hfb-below-header-display":"","ast-hfb-mobile-header-display":"","site-post-title":"","ast-breadcrumbs-content":"","ast-featured-img":"","footer-sml-layout":"","theme-transparent-header-meta":"","adv-header-id-meta":"","stick-header-meta":"","header-above-stick-meta":"","header-main-stick-meta":"","header-below-stick-meta":"","astra-migrate-meta-layouts":"default","ast-page-background-enabled":"default","ast-page-background-meta":{"desktop":{"background-color":"var(--ast-global-color-4)","background-image":"","background-repeat":"repeat","background-position":"center center","background-size":"auto","background-attachment":"scroll","background-type":"","background-media":"","overlay-type":"","overlay-color":"","overlay-opacity":"","overlay-gradient":""},"tablet":{"background-color":"","background-image":"","background-repeat":"repeat","background-position":"center center","background-size":"auto","background-attachment":"scroll","background-type":"","background-media":"","overlay-type":"","overlay-color":"","overlay-opacity":"","overlay-gradient":""},"mobile":{"background-color":"","background-image":"","background-repeat":"repeat","background-position":"center center","background-size":"auto","background-attachment":"scroll","background-type":"","background-media":"","overlay-type":"","overlay-color":"","overlay-opacity":"","overlay-gradient":""}},"ast-content-background-meta":{"desktop":{"background-color":"var(--ast-global-color-5)","background-image":"","background-repeat":"repeat","background-position":"center center","background-size":"auto","background-attachment":"scroll","background-type":"","background-media":"","overlay-type":"","overlay-color":"","overlay-opacity":"","overlay-gradient":""},"tablet":{"background-color":"var(--ast-global-color-5)","background-image":"","background-repeat":"repeat","background-position":"center center","background-size":"auto","background-attachment":"scroll","background-type":"","background-media":"","overlay-type":"","overlay-color":"","overlay-opacity":"","overlay-gradient":""},"mobile":{"background-color":"var(--ast-global-color-5)","background-image":"","background-repeat":"repeat","background-position":"center center","background-size":"auto","background-attachment":"scroll","background-type":"","background-media":"","overlay-type":"","overlay-color":"","overlay-opacity":"","overlay-gradient":""}},"ngg_post_thumbnail":0,"footnotes":""},"class_list":["post-2284","page","type-page","status-publish","hentry"],"_links":{"self":[{"href":"https:\/\/www.rgzv-iserlohn.de\/index.php?rest_route=\/wp\/v2\/pages\/2284","targetHints":{"allow":["GET"]}}],"collection":[{"href":"https:\/\/www.rgzv-iserlohn.de\/index.php?rest_route=\/wp\/v2\/pages"}],"about":[{"href":"https:\/\/www.rgzv-iserlohn.de\/index.php?rest_route=\/wp\/v2\/types\/page"}],"author":[{"embeddable":true,"href":"https:\/\/www.rgzv-iserlohn.de\/index.php?rest_route=\/wp\/v2\/users\/2"}],"replies":[{"embeddable":true,"href":"https:\/\/www.rgzv-iserlohn.de\/index.php?rest_route=%2Fwp%2Fv2%2Fcomments&post=2284"}],"version-history":[{"count":2,"href":"https:\/\/www.rgzv-iserlohn.de\/index.php?rest_route=\/wp\/v2\/pages\/2284\/revisions"}],"predecessor-version":[{"id":2299,"href":"https:\/\/www.rgzv-iserlohn.de\/index.php?rest_route=\/wp\/v2\/pages\/2284\/revisions\/2299"}],"wp:attachment":[{"href":"https:\/\/www.rgzv-iserlohn.de\/index.php?rest_route=%2Fwp%2Fv2%2Fmedia&parent=2284"}],"curies":[{"name":"wp","href":"https:\/\/api.w.org\/{rel}","templated":true}]}}