{"id":2422,"date":"2026-01-12T18:15:25","date_gmt":"2026-01-12T17:15:25","guid":{"rendered":"https:\/\/www.rgzv-iserlohn.de\/?page_id=2422"},"modified":"2026-03-22T07:19:04","modified_gmt":"2026-03-22T06:19:04","slug":"termine-2026","status":"publish","type":"page","link":"https:\/\/www.rgzv-iserlohn.de\/?page_id=2422","title":{"rendered":"Termine 2026"},"content":{"rendered":"\n<figure class=\"wp-block-table\"><table><tbody><tr><td><strong>Termine<\/strong><\/td><td><strong>Datum<\/strong><\/td><td><strong>Uhrzeit<\/strong><\/td><\/tr><tr><td>Jahreshauptversammlung 2026<\/td><td>11.01.2026<\/td><td>10.30 Uhr<\/td><\/tr><tr><td>Versammlung Thema &#8222;Zuchtvorbereitung und Brut&#8220; (Ref. Thomas Meise)<\/td><td>15.02.2026<\/td><td><\/td><\/tr><tr><td>Versammlung Thema &#8222;Seltene und au\u00dfergew\u00f6hnliche H\u00fchnerrassen&#8220; und &#8222;Tips zur K\u00fckenaufzucht&#8220; (Ref. Ruth und Robin) &#8211; Auch Nichtmitglieder sind herzlich willkommen!<\/td><td>08.03.2026<\/td><td>10.30 Uhr<\/td><\/tr><tr><td>Versammlung &#8211; Vortrag Tierarztpraxis Dr. P\u00f6ppel zur &#8222;Gefl\u00fcgelgesundheit&#8220; &#8211; Auch Nichtmitglieder sind herzlich willkommen! Impfausgabe f\u00fcr Mitglieder und Nichtmitglieder ab 13:30 Uhr.<\/td><td>12.04.2026<\/td><td>10.30 Uhr<\/td><\/tr><tr><td>Lammtag auf dem Stiftungshof <\/td><td>19.04.2026<\/td><td>11 &#8211; 17 Uhr<\/td><\/tr><tr><td>Voraussichtlich Vereinsausflug Europa Schecks (Almelo NL)<\/td><td>09.05.2026<\/td><td><\/td><\/tr><tr><td>Aktionstag: K\u00e4fige\/Volieren sortieren, reparieren, Malerarbeite, mit anschlie\u00dfendem<br>Grillen (bei Fam. Senf &#8211; Auf der Br\u00fcche 38, Iserlohn).<\/td><td>20.06.2026<\/td><td>10 Uhr<\/td><\/tr><tr><td>Tag der offenen T\u00fcr LWL-Hemer<\/td><td>04.07.2026<\/td><td><\/td><\/tr><tr><td>Impftermin<\/td><td>05.07.2026<\/td><td><\/td><\/tr><tr><td>Jungtierbesprechnung (bei Fam. Heinings &#8211; Am Spring 35, Iserlohn) &#8211; <em>unter Vorbehalt<\/em>&#8211; <\/td><td>29.08.2026<\/td><td><\/td><\/tr><tr><td>Vereinsausflug der Jugend<\/td><td>05.09.2026<\/td><td><\/td><\/tr><tr><td>Impftermin f\u00fcr Aussteller externer Schauen <\/td><td>07.09.2026<\/td><td>18 Uhr<\/td><\/tr><tr><td>Besprechung\/Meldeschluss Vereinsschau + Impfen<\/td><td>18.10.2026<\/td><td><\/td><\/tr><tr><td>Landesverbandschau Hamm<\/td><td>10-11.10.2026<\/td><td><\/td><\/tr><tr><td>Deutsche Junggefl\u00fcgelausstellung Hannover (Messezentrum Bad Salzuflen)<\/td><td>23.-25.10.2026<\/td><td><\/td><\/tr><tr><td>Vereinsausstellung<\/td><td>07.-08.11.2026<\/td><td><\/td><\/tr><tr><td>Weihnachtsfeier  (Ort wird noch bekanntgegeben)<\/td><td>05.12.2026<\/td><td>17 Uhr<\/td><\/tr><tr><td>Jahreshauptversammlung + Impftermin<\/td><td>10.01.2027<\/td><td><\/td><\/tr><\/tbody><\/table><\/figure>\n\n\n\n<hr class=\"wp-block-separator has-alpha-channel-opacity\" style=\"margin-top:var(--wp--preset--spacing--60);margin-bottom:var(--wp--preset--spacing--60)\"\/>\n\n\n\n<div class=\"wp-block-buttons is-content-justification-center is-layout-flex wp-container-core-buttons-is-layout-a89b3969 wp-block-buttons-is-layout-flex\">\n<div class=\"wp-block-button\"><a class=\"wp-block-button__link wp-element-button\" href=\"https:\/\/www.rgzv-iserlohn.de\/?page_id=700\">Detaillierte Hinweise <br> zum Ablauf der Impfungen<br>\u2192<\/a><\/div>\n<\/div>\n\n\n\n<hr class=\"wp-block-separator has-alpha-channel-opacity\" style=\"margin-top:var(--wp--preset--spacing--60);margin-bottom:var(--wp--preset--spacing--60)\"\/>\n\n\n\n<div class=\"wp-block-columns is-layout-flex wp-container-core-columns-is-layout-ff679dcb wp-block-columns-is-layout-flex\" style=\"margin-top:0;margin-bottom:0;padding-top:var(--wp--preset--spacing--20);padding-bottom:var(--wp--preset--spacing--20)\">\n<div class=\"wp-block-column is-layout-flow wp-block-column-is-layout-flow\">\n<figure class=\"wp-block-image aligncenter size-full is-resized\"><a href=\"https:\/\/breker.de\" target=\"_blank\" rel=\" noreferrer noopener\"><img loading=\"lazy\" decoding=\"async\" width=\"300\" height=\"300\" src=\"https:\/\/www.rgzv-iserlohn.de\/wp-content\/uploads\/2025\/02\/breker_rund_t.png\" alt=\"Breker Hobby-Tierbedarf\" class=\"wp-image-2134\" style=\"width:288px;height:auto\" title=\"Breker Hobby-Tierbedarf\" srcset=\"https:\/\/www.rgzv-iserlohn.de\/wp-content\/uploads\/2025\/02\/breker_rund_t.png 300w, https:\/\/www.rgzv-iserlohn.de\/wp-content\/uploads\/2025\/02\/breker_rund_t-150x150.png 150w\" sizes=\"auto, (max-width: 300px) 100vw, 300px\" \/><\/a><\/figure>\n<\/div>\n\n\n\n<div class=\"wp-block-column is-layout-flow wp-block-column-is-layout-flow\">\n<figure class=\"wp-block-image size-large\"><a href=\"https:\/\/landmarkt-gruene.de\/\" target=\"_blank\" rel=\" noreferrer noopener\"><img loading=\"lazy\" decoding=\"async\" width=\"1024\" height=\"828\" src=\"https:\/\/www.rgzv-iserlohn.de\/wp-content\/uploads\/2024\/11\/logo-landmarkt-gruene-1024x828.png\" alt=\"Landmarkt Gr\u00fcne Potthof\" class=\"wp-image-1948\" srcset=\"https:\/\/www.rgzv-iserlohn.de\/wp-content\/uploads\/2024\/11\/logo-landmarkt-gruene-1024x828.png 1024w, https:\/\/www.rgzv-iserlohn.de\/wp-content\/uploads\/2024\/11\/logo-landmarkt-gruene-300x243.png 300w, https:\/\/www.rgzv-iserlohn.de\/wp-content\/uploads\/2024\/11\/logo-landmarkt-gruene-768x621.png 768w, https:\/\/www.rgzv-iserlohn.de\/wp-content\/uploads\/2024\/11\/logo-landmarkt-gruene.png 1169w\" sizes=\"auto, (max-width: 1024px) 100vw, 1024px\" \/><\/a><\/figure>\n<\/div>\n\n\n\n<div class=\"wp-block-column is-layout-flow wp-block-column-is-layout-flow\">\n<figure class=\"wp-block-image aligncenter size-full is-resized\" style=\"margin-top:var(--wp--preset--spacing--60);margin-right:0;margin-bottom:var(--wp--preset--spacing--60);margin-left:0\"><a href=\"https:\/\/heka-brutgeraete.de\" target=\"_blank\" rel=\" noreferrer noopener\"><img loading=\"lazy\" decoding=\"async\" width=\"400\" height=\"216\" src=\"https:\/\/www.rgzv-iserlohn.de\/wp-content\/uploads\/2025\/01\/heka_gruen.jpg\" alt=\"Heka Brutger\u00e4te\" class=\"wp-image-2080\" style=\"width:400px\" title=\"Heka-Brutger\u00e4te\" srcset=\"https:\/\/www.rgzv-iserlohn.de\/wp-content\/uploads\/2025\/01\/heka_gruen.jpg 400w, https:\/\/www.rgzv-iserlohn.de\/wp-content\/uploads\/2025\/01\/heka_gruen-300x162.jpg 300w\" sizes=\"auto, (max-width: 400px) 100vw, 400px\" \/><\/a><\/figure>\n<\/div>\n<\/div>\n\n\n\n<div class=\"wp-block-columns is-layout-flex wp-container-core-columns-is-layout-de4249ff wp-block-columns-is-layout-flex\" style=\"margin-top:0;margin-bottom:0;padding-top:var(--wp--preset--spacing--40);padding-right:0;padding-bottom:var(--wp--preset--spacing--40);padding-left:0\">\n<div class=\"wp-block-column is-layout-flow wp-block-column-is-layout-flow\">\n<figure class=\"wp-block-image aligncenter size-full is-resized\"><a href=\"https:\/\/www.gefluegelfutter.nl\/\" target=\"_blank\" rel=\" noreferrer noopener\"><img loading=\"lazy\" decoding=\"async\" width=\"872\" height=\"584\" src=\"https:\/\/www.rgzv-iserlohn.de\/wp-content\/uploads\/2025\/02\/havens_t-1.png\" alt=\"Havens Gefl\u00fcgelfutter Scharrel Graan\" class=\"wp-image-2119\" style=\"width:400px\" title=\"Havens Gefl\u00fcgelfutter Scharrel Graan\" srcset=\"https:\/\/www.rgzv-iserlohn.de\/wp-content\/uploads\/2025\/02\/havens_t-1.png 872w, https:\/\/www.rgzv-iserlohn.de\/wp-content\/uploads\/2025\/02\/havens_t-1-300x201.png 300w, https:\/\/www.rgzv-iserlohn.de\/wp-content\/uploads\/2025\/02\/havens_t-1-768x514.png 768w\" sizes=\"auto, (max-width: 872px) 100vw, 872px\" \/><\/a><\/figure>\n<\/div>\n\n\n\n<div class=\"wp-block-column is-layout-flow wp-block-column-is-layout-flow\">\n<figure class=\"wp-block-image size-large is-resized\" style=\"margin-top:var(--wp--preset--spacing--60);margin-bottom:var(--wp--preset--spacing--60)\"><a href=\"https:\/\/teekontor-naturprodukte.de\" target=\"_blank\" rel=\" noreferrer noopener\"><img loading=\"lazy\" decoding=\"async\" width=\"1024\" height=\"487\" src=\"https:\/\/www.rgzv-iserlohn.de\/wp-content\/uploads\/2025\/02\/Teekontor_Logo_t-1024x487.png\" alt=\"Teekontor Naturprodukte\" class=\"wp-image-2114\" style=\"width:400px\" title=\"Teekontor Naturprodukte\" srcset=\"https:\/\/www.rgzv-iserlohn.de\/wp-content\/uploads\/2025\/02\/Teekontor_Logo_t-1024x487.png 1024w, https:\/\/www.rgzv-iserlohn.de\/wp-content\/uploads\/2025\/02\/Teekontor_Logo_t-300x143.png 300w, https:\/\/www.rgzv-iserlohn.de\/wp-content\/uploads\/2025\/02\/Teekontor_Logo_t-768x365.png 768w, https:\/\/www.rgzv-iserlohn.de\/wp-content\/uploads\/2025\/02\/Teekontor_Logo_t-1536x730.png 1536w, https:\/\/www.rgzv-iserlohn.de\/wp-content\/uploads\/2025\/02\/Teekontor_Logo_t.png 1841w\" sizes=\"auto, (max-width: 1024px) 100vw, 1024px\" \/><\/a><\/figure>\n<\/div>\n\n\n\n<div class=\"wp-block-column is-layout-flow wp-block-column-is-layout-flow\">\n<figure class=\"wp-block-image aligncenter size-full is-resized\"><a href=\"https:\/\/futterscheune-iserlohn.de\" target=\"_blank\" rel=\" noreferrer noopener\"><img loading=\"lazy\" decoding=\"async\" width=\"652\" height=\"497\" src=\"https:\/\/www.rgzv-iserlohn.de\/wp-content\/uploads\/2025\/02\/Futterscheune_logo.jpg\" alt=\"Futterscheune Iserlohn\" class=\"wp-image-2129\" style=\"width:340px\" title=\"Futterscheune Iserlohn\" srcset=\"https:\/\/www.rgzv-iserlohn.de\/wp-content\/uploads\/2025\/02\/Futterscheune_logo.jpg 652w, https:\/\/www.rgzv-iserlohn.de\/wp-content\/uploads\/2025\/02\/Futterscheune_logo-300x229.jpg 300w\" sizes=\"auto, (max-width: 652px) 100vw, 652px\" \/><\/a><\/figure>\n<\/div>\n<\/div>\n\n\n\n<hr class=\"wp-block-separator has-alpha-channel-opacity\" style=\"margin-top:var(--wp--preset--spacing--70);margin-bottom:var(--wp--preset--spacing--70)\"\/>\n\n\n\n<p class=\"has-text-align-center\">Wir danken unseren Partnern aus Handel und Gewerbe.<br><br><\/p>\n","protected":false},"excerpt":{"rendered":"<p>Termine Datum Uhrzeit Jahreshauptversammlung 2026 11.01.2026 10.30 Uhr Versammlung Thema &#8222;Zuchtvorbereitung und Brut&#8220; (Ref. Thomas Meise) 15.02.2026 Versammlung Thema &#8222;Seltene [&hellip;]<\/p>\n","protected":false},"author":2,"featured_media":0,"parent":0,"menu_order":0,"comment_status":"closed","ping_status":"closed","template":"","meta":{"site-sidebar-layout":"default","site-content-layout":"","ast-site-content-layout":"default","site-content-style":"default","site-sidebar-style":"default","ast-global-header-display":"","ast-banner-title-visibility":"","ast-main-header-display":"","ast-hfb-above-header-display":"","ast-hfb-below-header-display":"","ast-hfb-mobile-header-display":"","site-post-title":"","ast-breadcrumbs-content":"","ast-featured-img":"","footer-sml-layout":"","theme-transparent-header-meta":"default","adv-header-id-meta":"","stick-header-meta":"","header-above-stick-meta":"","header-main-stick-meta":"","header-below-stick-meta":"","astra-migrate-meta-layouts":"set","ast-page-background-enabled":"default","ast-page-background-meta":{"desktop":{"background-color":"var(--ast-global-color-4)","background-image":"","background-repeat":"repeat","background-position":"center center","background-size":"auto","background-attachment":"scroll","background-type":"","background-media":"","overlay-type":"","overlay-color":"","overlay-opacity":"","overlay-gradient":""},"tablet":{"background-color":"","background-image":"","background-repeat":"repeat","background-position":"center center","background-size":"auto","background-attachment":"scroll","background-type":"","background-media":"","overlay-type":"","overlay-color":"","overlay-opacity":"","overlay-gradient":""},"mobile":{"background-color":"","background-image":"","background-repeat":"repeat","background-position":"center center","background-size":"auto","background-attachment":"scroll","background-type":"","background-media":"","overlay-type":"","overlay-color":"","overlay-opacity":"","overlay-gradient":""}},"ast-content-background-meta":{"desktop":{"background-color":"var(--ast-global-color-5)","background-image":"","background-repeat":"repeat","background-position":"center center","background-size":"auto","background-attachment":"scroll","background-type":"","background-media":"","overlay-type":"","overlay-color":"","overlay-opacity":"","overlay-gradient":""},"tablet":{"background-color":"var(--ast-global-color-5)","background-image":"","background-repeat":"repeat","background-position":"center center","background-size":"auto","background-attachment":"scroll","background-type":"","background-media":"","overlay-type":"","overlay-color":"","overlay-opacity":"","overlay-gradient":""},"mobile":{"background-color":"var(--ast-global-color-5)","background-image":"","background-repeat":"repeat","background-position":"center center","background-size":"auto","background-attachment":"scroll","background-type":"","background-media":"","overlay-type":"","overlay-color":"","overlay-opacity":"","overlay-gradient":""}},"ngg_post_thumbnail":0,"footnotes":""},"class_list":["post-2422","page","type-page","status-publish","hentry"],"_links":{"self":[{"href":"https:\/\/www.rgzv-iserlohn.de\/index.php?rest_route=\/wp\/v2\/pages\/2422","targetHints":{"allow":["GET"]}}],"collection":[{"href":"https:\/\/www.rgzv-iserlohn.de\/index.php?rest_route=\/wp\/v2\/pages"}],"about":[{"href":"https:\/\/www.rgzv-iserlohn.de\/index.php?rest_route=\/wp\/v2\/types\/page"}],"author":[{"embeddable":true,"href":"https:\/\/www.rgzv-iserlohn.de\/index.php?rest_route=\/wp\/v2\/users\/2"}],"replies":[{"embeddable":true,"href":"https:\/\/www.rgzv-iserlohn.de\/index.php?rest_route=%2Fwp%2Fv2%2Fcomments&post=2422"}],"version-history":[{"count":7,"href":"https:\/\/www.rgzv-iserlohn.de\/index.php?rest_route=\/wp\/v2\/pages\/2422\/revisions"}],"predecessor-version":[{"id":2499,"href":"https:\/\/www.rgzv-iserlohn.de\/index.php?rest_route=\/wp\/v2\/pages\/2422\/revisions\/2499"}],"wp:attachment":[{"href":"https:\/\/www.rgzv-iserlohn.de\/index.php?rest_route=%2Fwp%2Fv2%2Fmedia&parent=2422"}],"curies":[{"name":"wp","href":"https:\/\/api.w.org\/{rel}","templated":true}]}}